{"id":3826,"date":"2022-06-03T11:28:44","date_gmt":"2022-06-03T11:28:44","guid":{"rendered":"https:\/\/milanta.net\/producto\/caseta-magatzem-exterior-gran\/"},"modified":"2025-03-31T13:13:52","modified_gmt":"2025-03-31T11:13:52","slug":"caseta-magatzem-exterior-gran","status":"publish","type":"product","link":"https:\/\/milanta.net\/es\/producte\/caseta-magatzem-exterior-gran\/","title":{"rendered":"Armari per exterior &#8211; Mida gran"},"content":{"rendered":"<p>Els armaris per a exterior permeten emmagatzemar c\u00f2modament el material que tenim al pati i, d&#8217;aquesta manera, es mantenen en bon estat durant molt m\u00e9s temps. A m\u00e9s, fomenten l&#8217;ordre i la cura del pati entre els infants.<\/p>\n<p>Aquest armari en forma de caseta est\u00e0 fet amb fusta de carrosser i muntants d&#8217;autoclau, perqu\u00e8 sigui molt resistent i durador a l&#8217;exterior.<\/p>\n<p>Tamb\u00e9 tenim aquest armari en mida petita. El trobareu en el nostre cat\u00e0leg.<\/p>\n","protected":false},"excerpt":{"rendered":"<p>Moble ampli en forma de caseta que permet\u00a0emmagatzemar el material del pati.<\/p>\n","protected":false},"featured_media":3823,"template":"","meta":[],"product_brand":[],"product_cat":[739,745],"product_tag":[736],"ubicacion-del-mobiliario":[],"class_list":{"0":"post-3826","1":"product","2":"type-product","3":"status-publish","4":"has-post-thumbnail","6":"product_cat-casetes-i-cabanes-de-fusta","7":"product_cat-emmagatzematge","8":"product_tag-casetes-i-cabanes","10":"first","11":"instock","12":"taxable","13":"shipping-taxable","14":"purchasable","15":"product-type-simple"},"yoast_head":"<!-- This site is optimized with the Yoast SEO Premium plugin v21.6 (Yoast SEO v27.2) - https:\/\/yoast.com\/product\/yoast-seo-premium-wordpress\/ -->\n<title>Armari per exterior - Mida gran - Milanta<\/title>\n<meta name=\"robots\" content=\"index, follow, max-snippet:-1, max-image-preview:large, max-video-preview:-1\" \/>\n<link rel=\"canonical\" href=\"https:\/\/milanta.net\/es\/producte\/caseta-magatzem-exterior-gran\/\" \/>\n<meta property=\"og:locale\" content=\"es_ES\" \/>\n<meta property=\"og:type\" content=\"article\" \/>\n<meta property=\"og:title\" content=\"Armari per exterior - Mida gran\" \/>\n<meta property=\"og:description\" content=\"Moble ampli en forma de caseta que permet\u00a0emmagatzemar el material del pati.\" \/>\n<meta property=\"og:url\" content=\"https:\/\/milanta.net\/es\/producte\/caseta-magatzem-exterior-gran\/\" \/>\n<meta property=\"og:site_name\" content=\"Milanta\" \/>\n<meta property=\"article:publisher\" content=\"https:\/\/www.facebook.com\/MilantaCraft\/\" \/>\n<meta property=\"article:modified_time\" content=\"2025-03-31T11:13:52+00:00\" \/>\n<meta property=\"og:image\" content=\"https:\/\/milanta.net\/wp-content\/uploads\/2022\/06\/2261-CASETA-MAGATZEM-EXTERIOR-GRAN.jpg\" \/>\n\t<meta property=\"og:image:width\" content=\"1967\" \/>\n\t<meta property=\"og:image:height\" content=\"1360\" \/>\n\t<meta property=\"og:image:type\" content=\"image\/jpeg\" \/>\n<meta name=\"twitter:card\" content=\"summary_large_image\" \/>\n<meta name=\"twitter:label1\" content=\"Tiempo de lectura\" \/>\n\t<meta name=\"twitter:data1\" content=\"1 minuto\" \/>\n<script type=\"application\/ld+json\" class=\"yoast-schema-graph\">{\"@context\":\"https:\/\/schema.org\",\"@graph\":[{\"@type\":\"WebPage\",\"@id\":\"https:\/\/milanta.net\/es\/producte\/caseta-magatzem-exterior-gran\/\",\"url\":\"https:\/\/milanta.net\/es\/producte\/caseta-magatzem-exterior-gran\/\",\"name\":\"Armari per exterior - Mida gran - Milanta\",\"isPartOf\":{\"@id\":\"https:\/\/milanta.net\/es\/#website\"},\"primaryImageOfPage\":{\"@id\":\"https:\/\/milanta.net\/es\/producte\/caseta-magatzem-exterior-gran\/#primaryimage\"},\"image\":{\"@id\":\"https:\/\/milanta.net\/es\/producte\/caseta-magatzem-exterior-gran\/#primaryimage\"},\"thumbnailUrl\":\"https:\/\/milanta.net\/wp-content\/uploads\/2022\/06\/2261-CASETA-MAGATZEM-EXTERIOR-GRAN.jpg\",\"datePublished\":\"2022-06-03T11:28:44+00:00\",\"dateModified\":\"2025-03-31T11:13:52+00:00\",\"breadcrumb\":{\"@id\":\"https:\/\/milanta.net\/es\/producte\/caseta-magatzem-exterior-gran\/#breadcrumb\"},\"inLanguage\":\"es\",\"potentialAction\":[{\"@type\":\"ReadAction\",\"target\":[\"https:\/\/milanta.net\/es\/producte\/caseta-magatzem-exterior-gran\/\"]}]},{\"@type\":\"ImageObject\",\"inLanguage\":\"es\",\"@id\":\"https:\/\/milanta.net\/es\/producte\/caseta-magatzem-exterior-gran\/#primaryimage\",\"url\":\"https:\/\/milanta.net\/wp-content\/uploads\/2022\/06\/2261-CASETA-MAGATZEM-EXTERIOR-GRAN.jpg\",\"contentUrl\":\"https:\/\/milanta.net\/wp-content\/uploads\/2022\/06\/2261-CASETA-MAGATZEM-EXTERIOR-GRAN.jpg\",\"width\":1967,\"height\":1360,\"caption\":\"CASETA MAGATZEM EXTERIOR GRAN\"},{\"@type\":\"BreadcrumbList\",\"@id\":\"https:\/\/milanta.net\/es\/producte\/caseta-magatzem-exterior-gran\/#breadcrumb\",\"itemListElement\":[{\"@type\":\"ListItem\",\"position\":1,\"name\":\"Portada\",\"item\":\"https:\/\/milanta.net\/es\/\"},{\"@type\":\"ListItem\",\"position\":2,\"name\":\"Cat\u00e1logo\",\"item\":\"https:\/\/milanta.net\/es\/catalogo\/\"},{\"@type\":\"ListItem\",\"position\":3,\"name\":\"Armari per exterior &#8211; Mida gran\"}]},{\"@type\":\"WebSite\",\"@id\":\"https:\/\/milanta.net\/es\/#website\",\"url\":\"https:\/\/milanta.net\/es\/\",\"name\":\"Milanta Patis Vius\",\"description\":\"ESPACIOS NATURALES Y CREATIVOS PARA LA EDUCACI\u00d3N\",\"publisher\":{\"@id\":\"https:\/\/milanta.net\/es\/#organization\"},\"alternateName\":\"Milanta - Patis Vius\",\"potentialAction\":[{\"@type\":\"SearchAction\",\"target\":{\"@type\":\"EntryPoint\",\"urlTemplate\":\"https:\/\/milanta.net\/es\/?s={search_term_string}\"},\"query-input\":{\"@type\":\"PropertyValueSpecification\",\"valueRequired\":true,\"valueName\":\"search_term_string\"}}],\"inLanguage\":\"es\"},{\"@type\":\"Organization\",\"@id\":\"https:\/\/milanta.net\/es\/#organization\",\"name\":\"Milanta\",\"url\":\"https:\/\/milanta.net\/es\/\",\"logo\":{\"@type\":\"ImageObject\",\"inLanguage\":\"es\",\"@id\":\"https:\/\/milanta.net\/es\/#\/schema\/logo\/image\/\",\"url\":\"https:\/\/milanta.net\/wp-content\/uploads\/2023\/04\/Logo-Milanta-color.svg\",\"contentUrl\":\"https:\/\/milanta.net\/wp-content\/uploads\/2023\/04\/Logo-Milanta-color.svg\",\"width\":786,\"height\":486,\"caption\":\"Milanta\"},\"image\":{\"@id\":\"https:\/\/milanta.net\/es\/#\/schema\/logo\/image\/\"},\"sameAs\":[\"https:\/\/www.facebook.com\/MilantaCraft\/\",\"https:\/\/www.instagram.com\/milanta_patis\/\"]}]}<\/script>\n<!-- \/ Yoast SEO Premium plugin. -->","yoast_head_json":{"title":"Armari per exterior - Mida gran - Milanta","robots":{"index":"index","follow":"follow","max-snippet":"max-snippet:-1","max-image-preview":"max-image-preview:large","max-video-preview":"max-video-preview:-1"},"canonical":"https:\/\/milanta.net\/es\/producte\/caseta-magatzem-exterior-gran\/","og_locale":"es_ES","og_type":"article","og_title":"Armari per exterior - Mida gran","og_description":"Moble ampli en forma de caseta que permet\u00a0emmagatzemar el material del pati.","og_url":"https:\/\/milanta.net\/es\/producte\/caseta-magatzem-exterior-gran\/","og_site_name":"Milanta","article_publisher":"https:\/\/www.facebook.com\/MilantaCraft\/","article_modified_time":"2025-03-31T11:13:52+00:00","og_image":[{"width":1967,"height":1360,"url":"https:\/\/milanta.net\/wp-content\/uploads\/2022\/06\/2261-CASETA-MAGATZEM-EXTERIOR-GRAN.jpg","type":"image\/jpeg"}],"twitter_card":"summary_large_image","twitter_misc":{"Tiempo de lectura":"1 minuto"},"schema":{"@context":"https:\/\/schema.org","@graph":[{"@type":"WebPage","@id":"https:\/\/milanta.net\/es\/producte\/caseta-magatzem-exterior-gran\/","url":"https:\/\/milanta.net\/es\/producte\/caseta-magatzem-exterior-gran\/","name":"Armari per exterior - Mida gran - Milanta","isPartOf":{"@id":"https:\/\/milanta.net\/es\/#website"},"primaryImageOfPage":{"@id":"https:\/\/milanta.net\/es\/producte\/caseta-magatzem-exterior-gran\/#primaryimage"},"image":{"@id":"https:\/\/milanta.net\/es\/producte\/caseta-magatzem-exterior-gran\/#primaryimage"},"thumbnailUrl":"https:\/\/milanta.net\/wp-content\/uploads\/2022\/06\/2261-CASETA-MAGATZEM-EXTERIOR-GRAN.jpg","datePublished":"2022-06-03T11:28:44+00:00","dateModified":"2025-03-31T11:13:52+00:00","breadcrumb":{"@id":"https:\/\/milanta.net\/es\/producte\/caseta-magatzem-exterior-gran\/#breadcrumb"},"inLanguage":"es","potentialAction":[{"@type":"ReadAction","target":["https:\/\/milanta.net\/es\/producte\/caseta-magatzem-exterior-gran\/"]}]},{"@type":"ImageObject","inLanguage":"es","@id":"https:\/\/milanta.net\/es\/producte\/caseta-magatzem-exterior-gran\/#primaryimage","url":"https:\/\/milanta.net\/wp-content\/uploads\/2022\/06\/2261-CASETA-MAGATZEM-EXTERIOR-GRAN.jpg","contentUrl":"https:\/\/milanta.net\/wp-content\/uploads\/2022\/06\/2261-CASETA-MAGATZEM-EXTERIOR-GRAN.jpg","width":1967,"height":1360,"caption":"CASETA MAGATZEM EXTERIOR GRAN"},{"@type":"BreadcrumbList","@id":"https:\/\/milanta.net\/es\/producte\/caseta-magatzem-exterior-gran\/#breadcrumb","itemListElement":[{"@type":"ListItem","position":1,"name":"Portada","item":"https:\/\/milanta.net\/es\/"},{"@type":"ListItem","position":2,"name":"Cat\u00e1logo","item":"https:\/\/milanta.net\/es\/catalogo\/"},{"@type":"ListItem","position":3,"name":"Armari per exterior &#8211; Mida gran"}]},{"@type":"WebSite","@id":"https:\/\/milanta.net\/es\/#website","url":"https:\/\/milanta.net\/es\/","name":"Milanta Patis Vius","description":"ESPACIOS NATURALES Y CREATIVOS PARA LA EDUCACI\u00d3N","publisher":{"@id":"https:\/\/milanta.net\/es\/#organization"},"alternateName":"Milanta - Patis Vius","potentialAction":[{"@type":"SearchAction","target":{"@type":"EntryPoint","urlTemplate":"https:\/\/milanta.net\/es\/?s={search_term_string}"},"query-input":{"@type":"PropertyValueSpecification","valueRequired":true,"valueName":"search_term_string"}}],"inLanguage":"es"},{"@type":"Organization","@id":"https:\/\/milanta.net\/es\/#organization","name":"Milanta","url":"https:\/\/milanta.net\/es\/","logo":{"@type":"ImageObject","inLanguage":"es","@id":"https:\/\/milanta.net\/es\/#\/schema\/logo\/image\/","url":"https:\/\/milanta.net\/wp-content\/uploads\/2023\/04\/Logo-Milanta-color.svg","contentUrl":"https:\/\/milanta.net\/wp-content\/uploads\/2023\/04\/Logo-Milanta-color.svg","width":786,"height":486,"caption":"Milanta"},"image":{"@id":"https:\/\/milanta.net\/es\/#\/schema\/logo\/image\/"},"sameAs":["https:\/\/www.facebook.com\/MilantaCraft\/","https:\/\/www.instagram.com\/milanta_patis\/"]}]}},"_links":{"self":[{"href":"https:\/\/milanta.net\/es\/wp-json\/wp\/v2\/product\/3826","targetHints":{"allow":["GET"]}}],"collection":[{"href":"https:\/\/milanta.net\/es\/wp-json\/wp\/v2\/product"}],"about":[{"href":"https:\/\/milanta.net\/es\/wp-json\/wp\/v2\/types\/product"}],"version-history":[{"count":0,"href":"https:\/\/milanta.net\/es\/wp-json\/wp\/v2\/product\/3826\/revisions"}],"wp:featuredmedia":[{"embeddable":true,"href":"https:\/\/milanta.net\/es\/wp-json\/wp\/v2\/media\/3823"}],"wp:attachment":[{"href":"https:\/\/milanta.net\/es\/wp-json\/wp\/v2\/media?parent=3826"}],"wp:term":[{"taxonomy":"product_brand","embeddable":true,"href":"https:\/\/milanta.net\/es\/wp-json\/wp\/v2\/product_brand?post=3826"},{"taxonomy":"product_cat","embeddable":true,"href":"https:\/\/milanta.net\/es\/wp-json\/wp\/v2\/product_cat?post=3826"},{"taxonomy":"product_tag","embeddable":true,"href":"https:\/\/milanta.net\/es\/wp-json\/wp\/v2\/product_tag?post=3826"},{"taxonomy":"ubicacion-del-mobiliario","embeddable":true,"href":"https:\/\/milanta.net\/es\/wp-json\/wp\/v2\/ubicacion-del-mobiliario?post=3826"}],"curies":[{"name":"wp","href":"https:\/\/api.w.org\/{rel}","templated":true}]}}