{"id":7879,"date":"2023-03-30T13:12:42","date_gmt":"2023-03-30T13:12:42","guid":{"rendered":"https:\/\/milanta.net\/producto\/estructura-troncos-con-tarimas-y-cuerdas\/"},"modified":"2023-03-30T13:12:42","modified_gmt":"2023-03-30T13:12:42","slug":"estructura-troncos-con-tarimas-y-cuerdas-2","status":"publish","type":"product","link":"https:\/\/milanta.net\/es\/producte\/estructura-troncos-con-tarimas-y-cuerdas-2\/","title":{"rendered":"ESTRUCTURA TRONCOS CON TARIMAS Y CUERDAS"},"content":{"rendered":"<p class=\"p1\" style=\"box-sizing: inherit; margin: 0cm; color: #808080; font-size: 12pt; font-family: 'Times New Roman', serif; background: white;\"><span style=\"box-sizing: inherit; font-family: Calibri, sans-serif;\">Podemos hacer a MEDIDA.<o:p style=\"box-sizing: inherit;\"><\/o:p><\/span><\/p>\n<p class=\"p1\" style=\"box-sizing: inherit; margin: 0cm; color: #808080; font-size: 12pt; font-family: 'Times New Roman', serif; background: white;\">\n<p style=\"box-sizing: inherit; margin: 0cm 0cm 7.5pt; color: #808080; font-size: 12pt; font-family: 'Times New Roman', serif; background: white;\"><span style=\"box-sizing: inherit; font-family: Calibri, sans-serif;\">&#8220;Nunca hay dos troncos id\u00e9nticos, la madera es un material que se altera con el tiempo, sus formas son irregulares y los montajes nunca quedan igual que en las fotos. Las grietas en la madera forman parte de la naturaleza viva del material, si son de menos de 8mm no os ten\u00e9is que preocupar. Aplicar anualmente un nutriente como el aceite de linaza ayuda a mantener la madera en buenas condiciones durante muchos a\u00f1os. Llame si ten\u00e9is alguna duda o necesit\u00e1is ayuda para el mantenimiento&#8221;<\/span><\/p>\n","protected":false},"excerpt":{"rendered":"<p>Estructura para trepar.<\/p>\n","protected":false},"featured_media":14383,"template":"","meta":[],"product_brand":[],"product_cat":[117],"product_tag":[],"ubicacion-del-mobiliario":[],"class_list":{"0":"post-7879","1":"product","2":"type-product","3":"status-publish","4":"has-post-thumbnail","6":"product_cat-exterior-pati-i-jardi","8":"first","9":"instock","10":"taxable","11":"shipping-taxable","12":"purchasable","13":"product-type-simple"},"yoast_head":"<!-- This site is optimized with the Yoast SEO Premium plugin v21.6 (Yoast SEO v27.2) - https:\/\/yoast.com\/product\/yoast-seo-premium-wordpress\/ -->\n<title>ESTRUCTURA TRONCOS CON TARIMAS Y CUERDAS - Milanta<\/title>\n<meta name=\"robots\" content=\"index, follow, max-snippet:-1, max-image-preview:large, max-video-preview:-1\" \/>\n<link rel=\"canonical\" href=\"https:\/\/milanta.net\/es\/producte\/estructura-troncos-con-tarimas-y-cuerdas-2\/\" \/>\n<meta property=\"og:locale\" content=\"es_ES\" \/>\n<meta property=\"og:type\" content=\"article\" \/>\n<meta property=\"og:title\" content=\"ESTRUCTURA TRONCOS CON TARIMAS Y CUERDAS\" \/>\n<meta property=\"og:description\" content=\"Estructura para trepar.\" \/>\n<meta property=\"og:url\" content=\"https:\/\/milanta.net\/es\/producte\/estructura-troncos-con-tarimas-y-cuerdas-2\/\" \/>\n<meta property=\"og:site_name\" content=\"Milanta\" \/>\n<meta property=\"article:publisher\" content=\"https:\/\/www.facebook.com\/MilantaCraft\/\" \/>\n<meta property=\"og:image\" content=\"https:\/\/milanta.net\/wp-content\/uploads\/2023\/03\/2346-ESTRUCTURA-TRONCS-AMB-TARIMES-I-CORDES.jpg\" \/>\n\t<meta property=\"og:image:width\" content=\"2000\" \/>\n\t<meta property=\"og:image:height\" content=\"900\" \/>\n\t<meta property=\"og:image:type\" content=\"image\/jpeg\" \/>\n<meta name=\"twitter:card\" content=\"summary_large_image\" \/>\n<script type=\"application\/ld+json\" class=\"yoast-schema-graph\">{\"@context\":\"https:\/\/schema.org\",\"@graph\":[{\"@type\":\"WebPage\",\"@id\":\"https:\/\/milanta.net\/es\/producte\/estructura-troncos-con-tarimas-y-cuerdas-2\/\",\"url\":\"https:\/\/milanta.net\/es\/producte\/estructura-troncos-con-tarimas-y-cuerdas-2\/\",\"name\":\"ESTRUCTURA TRONCOS CON TARIMAS Y CUERDAS - Milanta\",\"isPartOf\":{\"@id\":\"https:\/\/milanta.net\/es\/#website\"},\"primaryImageOfPage\":{\"@id\":\"https:\/\/milanta.net\/es\/producte\/estructura-troncos-con-tarimas-y-cuerdas-2\/#primaryimage\"},\"image\":{\"@id\":\"https:\/\/milanta.net\/es\/producte\/estructura-troncos-con-tarimas-y-cuerdas-2\/#primaryimage\"},\"thumbnailUrl\":\"https:\/\/milanta.net\/wp-content\/uploads\/2023\/03\/IMG20250515164147-scaled.jpg\",\"datePublished\":\"2023-03-30T13:12:42+00:00\",\"breadcrumb\":{\"@id\":\"https:\/\/milanta.net\/es\/producte\/estructura-troncos-con-tarimas-y-cuerdas-2\/#breadcrumb\"},\"inLanguage\":\"es\",\"potentialAction\":[{\"@type\":\"ReadAction\",\"target\":[\"https:\/\/milanta.net\/es\/producte\/estructura-troncos-con-tarimas-y-cuerdas-2\/\"]}]},{\"@type\":\"ImageObject\",\"inLanguage\":\"es\",\"@id\":\"https:\/\/milanta.net\/es\/producte\/estructura-troncos-con-tarimas-y-cuerdas-2\/#primaryimage\",\"url\":\"https:\/\/milanta.net\/wp-content\/uploads\/2023\/03\/IMG20250515164147-scaled.jpg\",\"contentUrl\":\"https:\/\/milanta.net\/wp-content\/uploads\/2023\/03\/IMG20250515164147-scaled.jpg\",\"width\":2560,\"height\":1441},{\"@type\":\"BreadcrumbList\",\"@id\":\"https:\/\/milanta.net\/es\/producte\/estructura-troncos-con-tarimas-y-cuerdas-2\/#breadcrumb\",\"itemListElement\":[{\"@type\":\"ListItem\",\"position\":1,\"name\":\"Portada\",\"item\":\"https:\/\/milanta.net\/es\/\"},{\"@type\":\"ListItem\",\"position\":2,\"name\":\"Cat\u00e1logo\",\"item\":\"https:\/\/milanta.net\/es\/catalogo\/\"},{\"@type\":\"ListItem\",\"position\":3,\"name\":\"ESTRUCTURA TRONCOS CON TARIMAS Y CUERDAS\"}]},{\"@type\":\"WebSite\",\"@id\":\"https:\/\/milanta.net\/es\/#website\",\"url\":\"https:\/\/milanta.net\/es\/\",\"name\":\"Milanta Patis Vius\",\"description\":\"ESPACIOS NATURALES Y CREATIVOS PARA LA EDUCACI\u00d3N\",\"publisher\":{\"@id\":\"https:\/\/milanta.net\/es\/#organization\"},\"alternateName\":\"Milanta - Patis Vius\",\"potentialAction\":[{\"@type\":\"SearchAction\",\"target\":{\"@type\":\"EntryPoint\",\"urlTemplate\":\"https:\/\/milanta.net\/es\/?s={search_term_string}\"},\"query-input\":{\"@type\":\"PropertyValueSpecification\",\"valueRequired\":true,\"valueName\":\"search_term_string\"}}],\"inLanguage\":\"es\"},{\"@type\":\"Organization\",\"@id\":\"https:\/\/milanta.net\/es\/#organization\",\"name\":\"Milanta\",\"url\":\"https:\/\/milanta.net\/es\/\",\"logo\":{\"@type\":\"ImageObject\",\"inLanguage\":\"es\",\"@id\":\"https:\/\/milanta.net\/es\/#\/schema\/logo\/image\/\",\"url\":\"https:\/\/milanta.net\/wp-content\/uploads\/2023\/04\/Logo-Milanta-color.svg\",\"contentUrl\":\"https:\/\/milanta.net\/wp-content\/uploads\/2023\/04\/Logo-Milanta-color.svg\",\"width\":786,\"height\":486,\"caption\":\"Milanta\"},\"image\":{\"@id\":\"https:\/\/milanta.net\/es\/#\/schema\/logo\/image\/\"},\"sameAs\":[\"https:\/\/www.facebook.com\/MilantaCraft\/\",\"https:\/\/www.instagram.com\/milanta_patis\/\"]}]}<\/script>\n<!-- \/ Yoast SEO Premium plugin. -->","yoast_head_json":{"title":"ESTRUCTURA TRONCOS CON TARIMAS Y CUERDAS - Milanta","robots":{"index":"index","follow":"follow","max-snippet":"max-snippet:-1","max-image-preview":"max-image-preview:large","max-video-preview":"max-video-preview:-1"},"canonical":"https:\/\/milanta.net\/es\/producte\/estructura-troncos-con-tarimas-y-cuerdas-2\/","og_locale":"es_ES","og_type":"article","og_title":"ESTRUCTURA TRONCOS CON TARIMAS Y CUERDAS","og_description":"Estructura para trepar.","og_url":"https:\/\/milanta.net\/es\/producte\/estructura-troncos-con-tarimas-y-cuerdas-2\/","og_site_name":"Milanta","article_publisher":"https:\/\/www.facebook.com\/MilantaCraft\/","og_image":[{"width":2000,"height":900,"url":"https:\/\/milanta.net\/wp-content\/uploads\/2023\/03\/2346-ESTRUCTURA-TRONCS-AMB-TARIMES-I-CORDES.jpg","type":"image\/jpeg"}],"twitter_card":"summary_large_image","schema":{"@context":"https:\/\/schema.org","@graph":[{"@type":"WebPage","@id":"https:\/\/milanta.net\/es\/producte\/estructura-troncos-con-tarimas-y-cuerdas-2\/","url":"https:\/\/milanta.net\/es\/producte\/estructura-troncos-con-tarimas-y-cuerdas-2\/","name":"ESTRUCTURA TRONCOS CON TARIMAS Y CUERDAS - Milanta","isPartOf":{"@id":"https:\/\/milanta.net\/es\/#website"},"primaryImageOfPage":{"@id":"https:\/\/milanta.net\/es\/producte\/estructura-troncos-con-tarimas-y-cuerdas-2\/#primaryimage"},"image":{"@id":"https:\/\/milanta.net\/es\/producte\/estructura-troncos-con-tarimas-y-cuerdas-2\/#primaryimage"},"thumbnailUrl":"https:\/\/milanta.net\/wp-content\/uploads\/2023\/03\/IMG20250515164147-scaled.jpg","datePublished":"2023-03-30T13:12:42+00:00","breadcrumb":{"@id":"https:\/\/milanta.net\/es\/producte\/estructura-troncos-con-tarimas-y-cuerdas-2\/#breadcrumb"},"inLanguage":"es","potentialAction":[{"@type":"ReadAction","target":["https:\/\/milanta.net\/es\/producte\/estructura-troncos-con-tarimas-y-cuerdas-2\/"]}]},{"@type":"ImageObject","inLanguage":"es","@id":"https:\/\/milanta.net\/es\/producte\/estructura-troncos-con-tarimas-y-cuerdas-2\/#primaryimage","url":"https:\/\/milanta.net\/wp-content\/uploads\/2023\/03\/IMG20250515164147-scaled.jpg","contentUrl":"https:\/\/milanta.net\/wp-content\/uploads\/2023\/03\/IMG20250515164147-scaled.jpg","width":2560,"height":1441},{"@type":"BreadcrumbList","@id":"https:\/\/milanta.net\/es\/producte\/estructura-troncos-con-tarimas-y-cuerdas-2\/#breadcrumb","itemListElement":[{"@type":"ListItem","position":1,"name":"Portada","item":"https:\/\/milanta.net\/es\/"},{"@type":"ListItem","position":2,"name":"Cat\u00e1logo","item":"https:\/\/milanta.net\/es\/catalogo\/"},{"@type":"ListItem","position":3,"name":"ESTRUCTURA TRONCOS CON TARIMAS Y CUERDAS"}]},{"@type":"WebSite","@id":"https:\/\/milanta.net\/es\/#website","url":"https:\/\/milanta.net\/es\/","name":"Milanta Patis Vius","description":"ESPACIOS NATURALES Y CREATIVOS PARA LA EDUCACI\u00d3N","publisher":{"@id":"https:\/\/milanta.net\/es\/#organization"},"alternateName":"Milanta - Patis Vius","potentialAction":[{"@type":"SearchAction","target":{"@type":"EntryPoint","urlTemplate":"https:\/\/milanta.net\/es\/?s={search_term_string}"},"query-input":{"@type":"PropertyValueSpecification","valueRequired":true,"valueName":"search_term_string"}}],"inLanguage":"es"},{"@type":"Organization","@id":"https:\/\/milanta.net\/es\/#organization","name":"Milanta","url":"https:\/\/milanta.net\/es\/","logo":{"@type":"ImageObject","inLanguage":"es","@id":"https:\/\/milanta.net\/es\/#\/schema\/logo\/image\/","url":"https:\/\/milanta.net\/wp-content\/uploads\/2023\/04\/Logo-Milanta-color.svg","contentUrl":"https:\/\/milanta.net\/wp-content\/uploads\/2023\/04\/Logo-Milanta-color.svg","width":786,"height":486,"caption":"Milanta"},"image":{"@id":"https:\/\/milanta.net\/es\/#\/schema\/logo\/image\/"},"sameAs":["https:\/\/www.facebook.com\/MilantaCraft\/","https:\/\/www.instagram.com\/milanta_patis\/"]}]}},"_links":{"self":[{"href":"https:\/\/milanta.net\/es\/wp-json\/wp\/v2\/product\/7879","targetHints":{"allow":["GET"]}}],"collection":[{"href":"https:\/\/milanta.net\/es\/wp-json\/wp\/v2\/product"}],"about":[{"href":"https:\/\/milanta.net\/es\/wp-json\/wp\/v2\/types\/product"}],"version-history":[{"count":0,"href":"https:\/\/milanta.net\/es\/wp-json\/wp\/v2\/product\/7879\/revisions"}],"wp:featuredmedia":[{"embeddable":true,"href":"https:\/\/milanta.net\/es\/wp-json\/wp\/v2\/media\/14383"}],"wp:attachment":[{"href":"https:\/\/milanta.net\/es\/wp-json\/wp\/v2\/media?parent=7879"}],"wp:term":[{"taxonomy":"product_brand","embeddable":true,"href":"https:\/\/milanta.net\/es\/wp-json\/wp\/v2\/product_brand?post=7879"},{"taxonomy":"product_cat","embeddable":true,"href":"https:\/\/milanta.net\/es\/wp-json\/wp\/v2\/product_cat?post=7879"},{"taxonomy":"product_tag","embeddable":true,"href":"https:\/\/milanta.net\/es\/wp-json\/wp\/v2\/product_tag?post=7879"},{"taxonomy":"ubicacion-del-mobiliario","embeddable":true,"href":"https:\/\/milanta.net\/es\/wp-json\/wp\/v2\/ubicacion-del-mobiliario?post=7879"}],"curies":[{"name":"wp","href":"https:\/\/api.w.org\/{rel}","templated":true}]}}