{"id":7884,"date":"2022-11-29T10:30:32","date_gmt":"2022-11-29T09:30:32","guid":{"rendered":"https:\/\/milanta.net\/producto\/estructura-xirinacs\/"},"modified":"2023-09-22T16:59:49","modified_gmt":"2023-09-22T16:59:49","slug":"estructura-chirinacs","status":"publish","type":"product","link":"https:\/\/milanta.net\/es\/producte\/estructura-chirinacs\/","title":{"rendered":"ESTRUCTURA XIRINACS"},"content":{"rendered":"<p style=\"box-sizing: inherit; margin: 0px 0cm 10px; color: #808080; background-color: #ffffff; font-size: 12pt; font-family: 'Times New Roman', serif;\"><span style=\"box-sizing: inherit; font-size: 10pt; font-family: Verdana, sans-serif;\">Indicado para espacios infantiles y patios con suelo de tierra o sabl\u00f3n.<o:p style=\"box-sizing: inherit;\"><\/o:p><\/span><\/p>\n<p style=\"box-sizing: inherit; margin: 0px 0cm 10px; color: #808080; background-color: #ffffff; font-size: 12pt; font-family: 'Times New Roman', serif;\"><span style=\"box-sizing: inherit; font-size: 10pt; font-family: Verdana, sans-serif;\">Se puede hacer a medida.<o:p style=\"box-sizing: inherit;\"><\/o:p><\/span><\/p>\n<p style=\"box-sizing: inherit; margin: 0px 0cm 10px; color: #808080; background-color: #ffffff; font-size: 12pt; font-family: 'Times New Roman', serif;\"><span style=\"box-sizing: inherit; font-size: 10pt; font-family: Verdana, sans-serif;\">No incluye tierra amortiguador.<\/span><\/p>\n<p style=\"box-sizing: inherit; margin: 0px 0cm 10px; color: #808080; background-color: #ffffff; font-size: 12pt; font-family: 'Times New Roman', serif;\"><span style=\"box-sizing: inherit; font-size: 10pt; font-family: Verdana, sans-serif;\"><span style=\"font-family: Poppins, sans-serif; font-size: 14px;\">Si os interesa ten\u00e9is que enviar fotos del espacio y os haremos un presupuesto a medida.<\/span><\/span><\/p>\n<p style=\"box-sizing: inherit; margin: 0px 0cm 10px; color: #808080; background-color: #ffffff; font-size: 12pt; font-family: 'Times New Roman', serif;\"><span style=\"box-sizing: inherit; font-size: 10pt; font-family: Verdana, sans-serif;\"><\/span><\/p>\n<p class=\"p1\" style=\"box-sizing: inherit; margin: 0px; color: #808080; font-variant-numeric: normal; font-variant-east-asian: normal; font-stretch: normal; font-size: 13px; line-height: normal; font-family: 'Helvetica Neue'; background-color: #ffffff;\">&#8220;Nunca hay dos troncos id\u00e9nticos, la madera es un material que se altera con el tiempo, sus formas son irregulares y los montajes nunca quedan igual que en las fotos. Las grietas en la madera forman parte de la naturaleza viva del material, si son de menos de 8mm no os ten\u00e9is que preocupar. Aplicar anualmente un nutriente como el aceite de linaza ayuda a mantener la madera en buenas condiciones durante muchos a\u00f1os. Llame si ten\u00e9is alguna duda o necesit\u00e1is ayuda para el mantenimiento&#8221;<\/p>\n","protected":false},"excerpt":{"rendered":"<p><span style=\"color: #808080; font-family: Poppins, sans-serif;\"><span style=\"font-size: 14px;\">Estructura de madera y cuerda tensada para desarrollar retos psicomotores y la propiocepci\u00f3n.<\/span><\/span><\/p>\n","protected":false},"featured_media":12757,"template":"","meta":[],"product_brand":[],"product_cat":[709],"product_tag":[],"ubicacion-del-mobiliario":[],"class_list":{"0":"post-7884","1":"product","2":"type-product","3":"status-publish","4":"has-post-thumbnail","6":"product_cat-exterior-patio-y-jardin","8":"first","9":"instock","10":"taxable","11":"shipping-taxable","12":"purchasable","13":"product-type-simple"},"yoast_head":"<!-- This site is optimized with the Yoast SEO Premium plugin v21.6 (Yoast SEO v27.3) - https:\/\/yoast.com\/product\/yoast-seo-premium-wordpress\/ -->\n<title>ESTRUCTURA XIRINACS - Milanta<\/title>\n<meta name=\"robots\" content=\"index, follow, max-snippet:-1, max-image-preview:large, max-video-preview:-1\" \/>\n<link rel=\"canonical\" href=\"https:\/\/milanta.net\/es\/producte\/estructura-chirinacs\/\" \/>\n<meta property=\"og:locale\" content=\"es_ES\" \/>\n<meta property=\"og:type\" content=\"article\" \/>\n<meta property=\"og:title\" content=\"ESTRUCTURA XIRINACS\" \/>\n<meta property=\"og:description\" content=\"Estructura de madera y cuerda tensada para desarrollar retos psicomotores y la propiocepci\u00f3n.\" \/>\n<meta property=\"og:url\" content=\"https:\/\/milanta.net\/es\/producte\/estructura-chirinacs\/\" \/>\n<meta property=\"og:site_name\" content=\"Milanta\" \/>\n<meta property=\"article:publisher\" content=\"https:\/\/www.facebook.com\/MilantaCraft\/\" \/>\n<meta property=\"article:modified_time\" content=\"2023-09-22T16:59:49+00:00\" \/>\n<meta property=\"og:image\" content=\"https:\/\/milanta.net\/wp-content\/uploads\/2022\/11\/IMG-20250214-WA0001.jpg\" \/>\n\t<meta property=\"og:image:width\" content=\"2000\" \/>\n\t<meta property=\"og:image:height\" content=\"900\" \/>\n\t<meta property=\"og:image:type\" content=\"image\/jpeg\" \/>\n<meta name=\"twitter:card\" content=\"summary_large_image\" \/>\n<meta name=\"twitter:label1\" content=\"Tiempo de lectura\" \/>\n\t<meta name=\"twitter:data1\" content=\"1 minuto\" \/>\n<script type=\"application\/ld+json\" class=\"yoast-schema-graph\">{\"@context\":\"https:\\\/\\\/schema.org\",\"@graph\":[{\"@type\":\"WebPage\",\"@id\":\"https:\\\/\\\/milanta.net\\\/es\\\/producte\\\/estructura-chirinacs\\\/\",\"url\":\"https:\\\/\\\/milanta.net\\\/es\\\/producte\\\/estructura-chirinacs\\\/\",\"name\":\"ESTRUCTURA XIRINACS - Milanta\",\"isPartOf\":{\"@id\":\"https:\\\/\\\/milanta.net\\\/es\\\/#website\"},\"primaryImageOfPage\":{\"@id\":\"https:\\\/\\\/milanta.net\\\/es\\\/producte\\\/estructura-chirinacs\\\/#primaryimage\"},\"image\":{\"@id\":\"https:\\\/\\\/milanta.net\\\/es\\\/producte\\\/estructura-chirinacs\\\/#primaryimage\"},\"thumbnailUrl\":\"https:\\\/\\\/milanta.net\\\/wp-content\\\/uploads\\\/2022\\\/11\\\/IMG-20250214-WA0001.jpg\",\"datePublished\":\"2022-11-29T09:30:32+00:00\",\"dateModified\":\"2023-09-22T16:59:49+00:00\",\"breadcrumb\":{\"@id\":\"https:\\\/\\\/milanta.net\\\/es\\\/producte\\\/estructura-chirinacs\\\/#breadcrumb\"},\"inLanguage\":\"es\",\"potentialAction\":[{\"@type\":\"ReadAction\",\"target\":[\"https:\\\/\\\/milanta.net\\\/es\\\/producte\\\/estructura-chirinacs\\\/\"]}]},{\"@type\":\"ImageObject\",\"inLanguage\":\"es\",\"@id\":\"https:\\\/\\\/milanta.net\\\/es\\\/producte\\\/estructura-chirinacs\\\/#primaryimage\",\"url\":\"https:\\\/\\\/milanta.net\\\/wp-content\\\/uploads\\\/2022\\\/11\\\/IMG-20250214-WA0001.jpg\",\"contentUrl\":\"https:\\\/\\\/milanta.net\\\/wp-content\\\/uploads\\\/2022\\\/11\\\/IMG-20250214-WA0001.jpg\",\"width\":2000,\"height\":900},{\"@type\":\"BreadcrumbList\",\"@id\":\"https:\\\/\\\/milanta.net\\\/es\\\/producte\\\/estructura-chirinacs\\\/#breadcrumb\",\"itemListElement\":[{\"@type\":\"ListItem\",\"position\":1,\"name\":\"Portada\",\"item\":\"https:\\\/\\\/milanta.net\\\/es\\\/\"},{\"@type\":\"ListItem\",\"position\":2,\"name\":\"Cat\u00e1logo\",\"item\":\"https:\\\/\\\/milanta.net\\\/es\\\/catalogo\\\/\"},{\"@type\":\"ListItem\",\"position\":3,\"name\":\"ESTRUCTURA XIRINACS\"}]},{\"@type\":\"WebSite\",\"@id\":\"https:\\\/\\\/milanta.net\\\/es\\\/#website\",\"url\":\"https:\\\/\\\/milanta.net\\\/es\\\/\",\"name\":\"Milanta Patis Vius\",\"description\":\"ESPACIOS NATURALES Y CREATIVOS PARA LA EDUCACI\u00d3N\",\"publisher\":{\"@id\":\"https:\\\/\\\/milanta.net\\\/es\\\/#organization\"},\"alternateName\":\"Milanta - Patis Vius\",\"potentialAction\":[{\"@type\":\"SearchAction\",\"target\":{\"@type\":\"EntryPoint\",\"urlTemplate\":\"https:\\\/\\\/milanta.net\\\/es\\\/?s={search_term_string}\"},\"query-input\":{\"@type\":\"PropertyValueSpecification\",\"valueRequired\":true,\"valueName\":\"search_term_string\"}}],\"inLanguage\":\"es\"},{\"@type\":\"Organization\",\"@id\":\"https:\\\/\\\/milanta.net\\\/es\\\/#organization\",\"name\":\"Milanta\",\"url\":\"https:\\\/\\\/milanta.net\\\/es\\\/\",\"logo\":{\"@type\":\"ImageObject\",\"inLanguage\":\"es\",\"@id\":\"https:\\\/\\\/milanta.net\\\/es\\\/#\\\/schema\\\/logo\\\/image\\\/\",\"url\":\"https:\\\/\\\/milanta.net\\\/wp-content\\\/uploads\\\/2023\\\/04\\\/Logo-Milanta-color.svg\",\"contentUrl\":\"https:\\\/\\\/milanta.net\\\/wp-content\\\/uploads\\\/2023\\\/04\\\/Logo-Milanta-color.svg\",\"width\":786,\"height\":486,\"caption\":\"Milanta\"},\"image\":{\"@id\":\"https:\\\/\\\/milanta.net\\\/es\\\/#\\\/schema\\\/logo\\\/image\\\/\"},\"sameAs\":[\"https:\\\/\\\/www.facebook.com\\\/MilantaCraft\\\/\",\"https:\\\/\\\/www.instagram.com\\\/milanta_patis\\\/\"]}]}<\/script>\n<!-- \/ Yoast SEO Premium plugin. -->","yoast_head_json":{"title":"ESTRUCTURA XIRINACS - Milanta","robots":{"index":"index","follow":"follow","max-snippet":"max-snippet:-1","max-image-preview":"max-image-preview:large","max-video-preview":"max-video-preview:-1"},"canonical":"https:\/\/milanta.net\/es\/producte\/estructura-chirinacs\/","og_locale":"es_ES","og_type":"article","og_title":"ESTRUCTURA XIRINACS","og_description":"Estructura de madera y cuerda tensada para desarrollar retos psicomotores y la propiocepci\u00f3n.","og_url":"https:\/\/milanta.net\/es\/producte\/estructura-chirinacs\/","og_site_name":"Milanta","article_publisher":"https:\/\/www.facebook.com\/MilantaCraft\/","article_modified_time":"2023-09-22T16:59:49+00:00","og_image":[{"width":2000,"height":900,"url":"https:\/\/milanta.net\/wp-content\/uploads\/2022\/11\/IMG-20250214-WA0001.jpg","type":"image\/jpeg"}],"twitter_card":"summary_large_image","twitter_misc":{"Tiempo de lectura":"1 minuto"},"schema":{"@context":"https:\/\/schema.org","@graph":[{"@type":"WebPage","@id":"https:\/\/milanta.net\/es\/producte\/estructura-chirinacs\/","url":"https:\/\/milanta.net\/es\/producte\/estructura-chirinacs\/","name":"ESTRUCTURA XIRINACS - Milanta","isPartOf":{"@id":"https:\/\/milanta.net\/es\/#website"},"primaryImageOfPage":{"@id":"https:\/\/milanta.net\/es\/producte\/estructura-chirinacs\/#primaryimage"},"image":{"@id":"https:\/\/milanta.net\/es\/producte\/estructura-chirinacs\/#primaryimage"},"thumbnailUrl":"https:\/\/milanta.net\/wp-content\/uploads\/2022\/11\/IMG-20250214-WA0001.jpg","datePublished":"2022-11-29T09:30:32+00:00","dateModified":"2023-09-22T16:59:49+00:00","breadcrumb":{"@id":"https:\/\/milanta.net\/es\/producte\/estructura-chirinacs\/#breadcrumb"},"inLanguage":"es","potentialAction":[{"@type":"ReadAction","target":["https:\/\/milanta.net\/es\/producte\/estructura-chirinacs\/"]}]},{"@type":"ImageObject","inLanguage":"es","@id":"https:\/\/milanta.net\/es\/producte\/estructura-chirinacs\/#primaryimage","url":"https:\/\/milanta.net\/wp-content\/uploads\/2022\/11\/IMG-20250214-WA0001.jpg","contentUrl":"https:\/\/milanta.net\/wp-content\/uploads\/2022\/11\/IMG-20250214-WA0001.jpg","width":2000,"height":900},{"@type":"BreadcrumbList","@id":"https:\/\/milanta.net\/es\/producte\/estructura-chirinacs\/#breadcrumb","itemListElement":[{"@type":"ListItem","position":1,"name":"Portada","item":"https:\/\/milanta.net\/es\/"},{"@type":"ListItem","position":2,"name":"Cat\u00e1logo","item":"https:\/\/milanta.net\/es\/catalogo\/"},{"@type":"ListItem","position":3,"name":"ESTRUCTURA XIRINACS"}]},{"@type":"WebSite","@id":"https:\/\/milanta.net\/es\/#website","url":"https:\/\/milanta.net\/es\/","name":"Milanta Patis Vius","description":"ESPACIOS NATURALES Y CREATIVOS PARA LA EDUCACI\u00d3N","publisher":{"@id":"https:\/\/milanta.net\/es\/#organization"},"alternateName":"Milanta - Patis Vius","potentialAction":[{"@type":"SearchAction","target":{"@type":"EntryPoint","urlTemplate":"https:\/\/milanta.net\/es\/?s={search_term_string}"},"query-input":{"@type":"PropertyValueSpecification","valueRequired":true,"valueName":"search_term_string"}}],"inLanguage":"es"},{"@type":"Organization","@id":"https:\/\/milanta.net\/es\/#organization","name":"Milanta","url":"https:\/\/milanta.net\/es\/","logo":{"@type":"ImageObject","inLanguage":"es","@id":"https:\/\/milanta.net\/es\/#\/schema\/logo\/image\/","url":"https:\/\/milanta.net\/wp-content\/uploads\/2023\/04\/Logo-Milanta-color.svg","contentUrl":"https:\/\/milanta.net\/wp-content\/uploads\/2023\/04\/Logo-Milanta-color.svg","width":786,"height":486,"caption":"Milanta"},"image":{"@id":"https:\/\/milanta.net\/es\/#\/schema\/logo\/image\/"},"sameAs":["https:\/\/www.facebook.com\/MilantaCraft\/","https:\/\/www.instagram.com\/milanta_patis\/"]}]}},"_links":{"self":[{"href":"https:\/\/milanta.net\/es\/wp-json\/wp\/v2\/product\/7884","targetHints":{"allow":["GET"]}}],"collection":[{"href":"https:\/\/milanta.net\/es\/wp-json\/wp\/v2\/product"}],"about":[{"href":"https:\/\/milanta.net\/es\/wp-json\/wp\/v2\/types\/product"}],"version-history":[{"count":0,"href":"https:\/\/milanta.net\/es\/wp-json\/wp\/v2\/product\/7884\/revisions"}],"wp:featuredmedia":[{"embeddable":true,"href":"https:\/\/milanta.net\/es\/wp-json\/wp\/v2\/media\/12757"}],"wp:attachment":[{"href":"https:\/\/milanta.net\/es\/wp-json\/wp\/v2\/media?parent=7884"}],"wp:term":[{"taxonomy":"product_brand","embeddable":true,"href":"https:\/\/milanta.net\/es\/wp-json\/wp\/v2\/product_brand?post=7884"},{"taxonomy":"product_cat","embeddable":true,"href":"https:\/\/milanta.net\/es\/wp-json\/wp\/v2\/product_cat?post=7884"},{"taxonomy":"product_tag","embeddable":true,"href":"https:\/\/milanta.net\/es\/wp-json\/wp\/v2\/product_tag?post=7884"},{"taxonomy":"ubicacion-del-mobiliario","embeddable":true,"href":"https:\/\/milanta.net\/es\/wp-json\/wp\/v2\/ubicacion-del-mobiliario?post=7884"}],"curies":[{"name":"wp","href":"https:\/\/api.w.org\/{rel}","templated":true}]}}