{"id":7886,"date":"2022-12-27T06:15:47","date_gmt":"2022-12-27T05:15:47","guid":{"rendered":"https:\/\/milanta.net\/producto\/lomo-de-dragon\/"},"modified":"2023-09-22T16:59:53","modified_gmt":"2023-09-22T16:59:53","slug":"lomo-de-dragon-3","status":"publish","type":"product","link":"https:\/\/milanta.net\/es\/producte\/lomo-de-dragon-3\/","title":{"rendered":"LOMO DE DRAG\u00d3N"},"content":{"rendered":"<p style=\"box-sizing: inherit; margin-top: 0px; margin-bottom: 10px; color: #808080; font-family: Poppins, sans-serif; font-size: 14px; background-color: #ffffff;\">Propuesta de psicomotricidad para el exterior.<\/p>\n<p style=\"box-sizing: inherit; margin-top: 0px; margin-bottom: 10px; color: #808080; font-family: Poppins, sans-serif; font-size: 14px; background-color: #ffffff;\">Todos van pelados y pulidos con tratamiento de aceite.<\/p>\n<p style=\"box-sizing: inherit; margin-top: 0px; margin-bottom: 10px; color: #808080; font-family: Poppins, sans-serif; font-size: 14px; background-color: #ffffff;\">Indicado para espacios infantiles y patios de primaria con suelo de tierra o sabl\u00f3n.<\/p>\n<p style=\"box-sizing: inherit; margin-top: 0px; margin-bottom: 10px; color: #808080; font-family: Poppins, sans-serif; font-size: 14px; background-color: #ffffff;\">Podemos hacer a MEDIDA.<\/p>\n<p class=\"p1\" style=\"box-sizing: inherit; margin: 0px; color: #808080; font-variant-numeric: normal; font-variant-east-asian: normal; font-stretch: normal; font-size: 13px; line-height: normal; font-family: 'Helvetica Neue'; background-color: #ffffff;\">&#8220;Nunca hay dos troncos id\u00e9nticos, la madera es un material que se altera con el tiempo, sus formas son irregulares y los montajes nunca quedan igual que en las fotos. Las grietas en la madera forman parte de la naturaleza viva del material, si son de menos de 8mm no os ten\u00e9is que preocupar. Aplicar anualmente un nutriente como el aceite de linaza ayuda a mantener la madera en buenas condiciones durante muchos a\u00f1os. Llame si ten\u00e9is alguna duda o necesit\u00e1is ayuda para el mantenimiento&#8221;<\/p>\n","protected":false},"excerpt":{"rendered":"<p>Estructura de troncos horizontal.<\/p>\n","protected":false},"featured_media":5879,"template":"","meta":[],"product_brand":[],"product_cat":[709],"product_tag":[],"ubicacion-del-mobiliario":[],"class_list":{"0":"post-7886","1":"product","2":"type-product","3":"status-publish","4":"has-post-thumbnail","6":"product_cat-exterior-patio-y-jardin","8":"first","9":"instock","10":"taxable","11":"shipping-taxable","12":"purchasable","13":"product-type-simple"},"yoast_head":"<!-- This site is optimized with the Yoast SEO Premium plugin v21.6 (Yoast SEO v27.2) - https:\/\/yoast.com\/product\/yoast-seo-premium-wordpress\/ -->\n<title>LOMO DE DRAG\u00d3N - Milanta<\/title>\n<meta name=\"robots\" content=\"index, follow, max-snippet:-1, max-image-preview:large, max-video-preview:-1\" \/>\n<link rel=\"canonical\" href=\"https:\/\/milanta.net\/es\/producte\/lomo-de-dragon-3\/\" \/>\n<meta property=\"og:locale\" content=\"es_ES\" \/>\n<meta property=\"og:type\" content=\"article\" \/>\n<meta property=\"og:title\" content=\"LOMO DE DRAG\u00d3N\" \/>\n<meta property=\"og:description\" content=\"Estructura de troncos horizontal.\" \/>\n<meta property=\"og:url\" content=\"https:\/\/milanta.net\/es\/producte\/lomo-de-dragon-3\/\" \/>\n<meta property=\"og:site_name\" content=\"Milanta\" \/>\n<meta property=\"article:publisher\" content=\"https:\/\/www.facebook.com\/MilantaCraft\/\" \/>\n<meta property=\"article:modified_time\" content=\"2023-09-22T16:59:53+00:00\" \/>\n<meta property=\"og:image\" content=\"https:\/\/milanta.net\/wp-content\/uploads\/2022\/12\/2304-LLOM-DE-DRAC.jpg\" \/>\n\t<meta property=\"og:image:width\" content=\"1017\" \/>\n\t<meta property=\"og:image:height\" content=\"681\" \/>\n\t<meta property=\"og:image:type\" content=\"image\/jpeg\" \/>\n<meta name=\"twitter:card\" content=\"summary_large_image\" \/>\n<meta name=\"twitter:label1\" content=\"Tiempo de lectura\" \/>\n\t<meta name=\"twitter:data1\" content=\"1 minuto\" \/>\n<script type=\"application\/ld+json\" class=\"yoast-schema-graph\">{\"@context\":\"https:\/\/schema.org\",\"@graph\":[{\"@type\":\"WebPage\",\"@id\":\"https:\/\/milanta.net\/es\/producte\/lomo-de-dragon-3\/\",\"url\":\"https:\/\/milanta.net\/es\/producte\/lomo-de-dragon-3\/\",\"name\":\"LOMO DE DRAG\u00d3N - Milanta\",\"isPartOf\":{\"@id\":\"https:\/\/milanta.net\/es\/#website\"},\"primaryImageOfPage\":{\"@id\":\"https:\/\/milanta.net\/es\/producte\/lomo-de-dragon-3\/#primaryimage\"},\"image\":{\"@id\":\"https:\/\/milanta.net\/es\/producte\/lomo-de-dragon-3\/#primaryimage\"},\"thumbnailUrl\":\"https:\/\/milanta.net\/wp-content\/uploads\/2022\/12\/2304-LLOM-DE-DRAC.jpg\",\"datePublished\":\"2022-12-27T05:15:47+00:00\",\"dateModified\":\"2023-09-22T16:59:53+00:00\",\"breadcrumb\":{\"@id\":\"https:\/\/milanta.net\/es\/producte\/lomo-de-dragon-3\/#breadcrumb\"},\"inLanguage\":\"es\",\"potentialAction\":[{\"@type\":\"ReadAction\",\"target\":[\"https:\/\/milanta.net\/es\/producte\/lomo-de-dragon-3\/\"]}]},{\"@type\":\"ImageObject\",\"inLanguage\":\"es\",\"@id\":\"https:\/\/milanta.net\/es\/producte\/lomo-de-dragon-3\/#primaryimage\",\"url\":\"https:\/\/milanta.net\/wp-content\/uploads\/2022\/12\/2304-LLOM-DE-DRAC.jpg\",\"contentUrl\":\"https:\/\/milanta.net\/wp-content\/uploads\/2022\/12\/2304-LLOM-DE-DRAC.jpg\",\"width\":1017,\"height\":681,\"caption\":\"LOMO DE DRAG\u00d3N\"},{\"@type\":\"BreadcrumbList\",\"@id\":\"https:\/\/milanta.net\/es\/producte\/lomo-de-dragon-3\/#breadcrumb\",\"itemListElement\":[{\"@type\":\"ListItem\",\"position\":1,\"name\":\"Portada\",\"item\":\"https:\/\/milanta.net\/es\/\"},{\"@type\":\"ListItem\",\"position\":2,\"name\":\"Cat\u00e1logo\",\"item\":\"https:\/\/milanta.net\/es\/catalogo\/\"},{\"@type\":\"ListItem\",\"position\":3,\"name\":\"LOMO DE DRAG\u00d3N\"}]},{\"@type\":\"WebSite\",\"@id\":\"https:\/\/milanta.net\/es\/#website\",\"url\":\"https:\/\/milanta.net\/es\/\",\"name\":\"Milanta Patis Vius\",\"description\":\"ESPACIOS NATURALES Y CREATIVOS PARA LA EDUCACI\u00d3N\",\"publisher\":{\"@id\":\"https:\/\/milanta.net\/es\/#organization\"},\"alternateName\":\"Milanta - Patis Vius\",\"potentialAction\":[{\"@type\":\"SearchAction\",\"target\":{\"@type\":\"EntryPoint\",\"urlTemplate\":\"https:\/\/milanta.net\/es\/?s={search_term_string}\"},\"query-input\":{\"@type\":\"PropertyValueSpecification\",\"valueRequired\":true,\"valueName\":\"search_term_string\"}}],\"inLanguage\":\"es\"},{\"@type\":\"Organization\",\"@id\":\"https:\/\/milanta.net\/es\/#organization\",\"name\":\"Milanta\",\"url\":\"https:\/\/milanta.net\/es\/\",\"logo\":{\"@type\":\"ImageObject\",\"inLanguage\":\"es\",\"@id\":\"https:\/\/milanta.net\/es\/#\/schema\/logo\/image\/\",\"url\":\"https:\/\/milanta.net\/wp-content\/uploads\/2023\/04\/Logo-Milanta-color.svg\",\"contentUrl\":\"https:\/\/milanta.net\/wp-content\/uploads\/2023\/04\/Logo-Milanta-color.svg\",\"width\":786,\"height\":486,\"caption\":\"Milanta\"},\"image\":{\"@id\":\"https:\/\/milanta.net\/es\/#\/schema\/logo\/image\/\"},\"sameAs\":[\"https:\/\/www.facebook.com\/MilantaCraft\/\",\"https:\/\/www.instagram.com\/milanta_patis\/\"]}]}<\/script>\n<!-- \/ Yoast SEO Premium plugin. -->","yoast_head_json":{"title":"LOMO DE DRAG\u00d3N - Milanta","robots":{"index":"index","follow":"follow","max-snippet":"max-snippet:-1","max-image-preview":"max-image-preview:large","max-video-preview":"max-video-preview:-1"},"canonical":"https:\/\/milanta.net\/es\/producte\/lomo-de-dragon-3\/","og_locale":"es_ES","og_type":"article","og_title":"LOMO DE DRAG\u00d3N","og_description":"Estructura de troncos horizontal.","og_url":"https:\/\/milanta.net\/es\/producte\/lomo-de-dragon-3\/","og_site_name":"Milanta","article_publisher":"https:\/\/www.facebook.com\/MilantaCraft\/","article_modified_time":"2023-09-22T16:59:53+00:00","og_image":[{"width":1017,"height":681,"url":"https:\/\/milanta.net\/wp-content\/uploads\/2022\/12\/2304-LLOM-DE-DRAC.jpg","type":"image\/jpeg"}],"twitter_card":"summary_large_image","twitter_misc":{"Tiempo de lectura":"1 minuto"},"schema":{"@context":"https:\/\/schema.org","@graph":[{"@type":"WebPage","@id":"https:\/\/milanta.net\/es\/producte\/lomo-de-dragon-3\/","url":"https:\/\/milanta.net\/es\/producte\/lomo-de-dragon-3\/","name":"LOMO DE DRAG\u00d3N - Milanta","isPartOf":{"@id":"https:\/\/milanta.net\/es\/#website"},"primaryImageOfPage":{"@id":"https:\/\/milanta.net\/es\/producte\/lomo-de-dragon-3\/#primaryimage"},"image":{"@id":"https:\/\/milanta.net\/es\/producte\/lomo-de-dragon-3\/#primaryimage"},"thumbnailUrl":"https:\/\/milanta.net\/wp-content\/uploads\/2022\/12\/2304-LLOM-DE-DRAC.jpg","datePublished":"2022-12-27T05:15:47+00:00","dateModified":"2023-09-22T16:59:53+00:00","breadcrumb":{"@id":"https:\/\/milanta.net\/es\/producte\/lomo-de-dragon-3\/#breadcrumb"},"inLanguage":"es","potentialAction":[{"@type":"ReadAction","target":["https:\/\/milanta.net\/es\/producte\/lomo-de-dragon-3\/"]}]},{"@type":"ImageObject","inLanguage":"es","@id":"https:\/\/milanta.net\/es\/producte\/lomo-de-dragon-3\/#primaryimage","url":"https:\/\/milanta.net\/wp-content\/uploads\/2022\/12\/2304-LLOM-DE-DRAC.jpg","contentUrl":"https:\/\/milanta.net\/wp-content\/uploads\/2022\/12\/2304-LLOM-DE-DRAC.jpg","width":1017,"height":681,"caption":"LOMO DE DRAG\u00d3N"},{"@type":"BreadcrumbList","@id":"https:\/\/milanta.net\/es\/producte\/lomo-de-dragon-3\/#breadcrumb","itemListElement":[{"@type":"ListItem","position":1,"name":"Portada","item":"https:\/\/milanta.net\/es\/"},{"@type":"ListItem","position":2,"name":"Cat\u00e1logo","item":"https:\/\/milanta.net\/es\/catalogo\/"},{"@type":"ListItem","position":3,"name":"LOMO DE DRAG\u00d3N"}]},{"@type":"WebSite","@id":"https:\/\/milanta.net\/es\/#website","url":"https:\/\/milanta.net\/es\/","name":"Milanta Patis Vius","description":"ESPACIOS NATURALES Y CREATIVOS PARA LA EDUCACI\u00d3N","publisher":{"@id":"https:\/\/milanta.net\/es\/#organization"},"alternateName":"Milanta - Patis Vius","potentialAction":[{"@type":"SearchAction","target":{"@type":"EntryPoint","urlTemplate":"https:\/\/milanta.net\/es\/?s={search_term_string}"},"query-input":{"@type":"PropertyValueSpecification","valueRequired":true,"valueName":"search_term_string"}}],"inLanguage":"es"},{"@type":"Organization","@id":"https:\/\/milanta.net\/es\/#organization","name":"Milanta","url":"https:\/\/milanta.net\/es\/","logo":{"@type":"ImageObject","inLanguage":"es","@id":"https:\/\/milanta.net\/es\/#\/schema\/logo\/image\/","url":"https:\/\/milanta.net\/wp-content\/uploads\/2023\/04\/Logo-Milanta-color.svg","contentUrl":"https:\/\/milanta.net\/wp-content\/uploads\/2023\/04\/Logo-Milanta-color.svg","width":786,"height":486,"caption":"Milanta"},"image":{"@id":"https:\/\/milanta.net\/es\/#\/schema\/logo\/image\/"},"sameAs":["https:\/\/www.facebook.com\/MilantaCraft\/","https:\/\/www.instagram.com\/milanta_patis\/"]}]}},"_links":{"self":[{"href":"https:\/\/milanta.net\/es\/wp-json\/wp\/v2\/product\/7886","targetHints":{"allow":["GET"]}}],"collection":[{"href":"https:\/\/milanta.net\/es\/wp-json\/wp\/v2\/product"}],"about":[{"href":"https:\/\/milanta.net\/es\/wp-json\/wp\/v2\/types\/product"}],"version-history":[{"count":0,"href":"https:\/\/milanta.net\/es\/wp-json\/wp\/v2\/product\/7886\/revisions"}],"wp:featuredmedia":[{"embeddable":true,"href":"https:\/\/milanta.net\/es\/wp-json\/wp\/v2\/media\/5879"}],"wp:attachment":[{"href":"https:\/\/milanta.net\/es\/wp-json\/wp\/v2\/media?parent=7886"}],"wp:term":[{"taxonomy":"product_brand","embeddable":true,"href":"https:\/\/milanta.net\/es\/wp-json\/wp\/v2\/product_brand?post=7886"},{"taxonomy":"product_cat","embeddable":true,"href":"https:\/\/milanta.net\/es\/wp-json\/wp\/v2\/product_cat?post=7886"},{"taxonomy":"product_tag","embeddable":true,"href":"https:\/\/milanta.net\/es\/wp-json\/wp\/v2\/product_tag?post=7886"},{"taxonomy":"ubicacion-del-mobiliario","embeddable":true,"href":"https:\/\/milanta.net\/es\/wp-json\/wp\/v2\/ubicacion-del-mobiliario?post=7886"}],"curies":[{"name":"wp","href":"https:\/\/api.w.org\/{rel}","templated":true}]}}