{"id":7889,"date":"2022-10-25T06:51:54","date_gmt":"2022-10-25T04:51:54","guid":{"rendered":"https:\/\/milanta.net\/producto\/conjunto-autoconstructivo-escaleras-tablones-tacos-tubos\/"},"modified":"2023-12-28T10:16:54","modified_gmt":"2023-12-28T10:16:54","slug":"conjunto-autoconstructivo-escaleras-tablones-tacos-tubos","status":"publish","type":"product","link":"https:\/\/milanta.net\/es\/producte\/conjunto-autoconstructivo-escaleras-tablones-tacos-tubos\/","title":{"rendered":"CONJUNTO AUTOCONSTRUCTIVO, ESCALERAS, TABLONES, TACOS, TUBOS"},"content":{"rendered":"<p><span style=\", Helvetica, Arial, sans-serif;font-size: 16px\">Propuesta para crear estructuras propias. Se hace a medida y est\u00e1 formado por tablones, escaleras de tijera, escaleras de palo, tacos y pasarelas, todo de madera. Tambi\u00e9n cuenta con un tubo gigante de PVC.<\/span><\/p>\n<p><br style=\", Helvetica, Arial, sans-serif;font-size: 16px\"><span style=\", Helvetica, Arial, sans-serif;font-size: 16px\">La imaginaci\u00f3n y el juego simb\u00f3lico no tienen l\u00edmites.<\/span><\/p>\n<p><span style=\", Helvetica, Arial, sans-serif;font-size: 16px\">Las unidades se hacen seg\u00fan vuestras necesidades y capacidades, pid\u00e1is presupuesto.<\/span><\/p>\n","protected":false},"excerpt":{"rendered":"<p><span style=\"font-family: 'Open Sans', Helvetica, Arial, sans-serif;font-size: 16px\">Propuesta de material para trabajar en grupo y crear retos y rincones a partir de las<\/span><span style=\"font-family: 'Open Sans', Helvetica, Arial, sans-serif;font-size: 16px\"> necesidades de uno\/a mismo\/a.<\/span><\/p><\/p>\n","protected":false},"featured_media":5845,"template":"","meta":[],"product_brand":[],"product_cat":[757],"product_tag":[],"ubicacion-del-mobiliario":[],"class_list":{"0":"post-7889","1":"product","2":"type-product","3":"status-publish","4":"has-post-thumbnail","6":"product_cat-estructuras-montanas-y-equilibrio","8":"first","9":"instock","10":"taxable","11":"shipping-taxable","12":"purchasable","13":"product-type-simple"},"yoast_head":"<!-- This site is optimized with the Yoast SEO Premium plugin v21.6 (Yoast SEO v27.3) - https:\/\/yoast.com\/product\/yoast-seo-premium-wordpress\/ -->\n<title>CONJUNTO AUTOCONSTRUCTIVO, ESCALERAS, TABLONES, TACOS, TUBOS - Milanta<\/title>\n<meta name=\"robots\" content=\"index, follow, max-snippet:-1, max-image-preview:large, max-video-preview:-1\" \/>\n<link rel=\"canonical\" href=\"https:\/\/milanta.net\/es\/producte\/conjunto-autoconstructivo-escaleras-tablones-tacos-tubos\/\" \/>\n<meta property=\"og:locale\" content=\"es_ES\" \/>\n<meta property=\"og:type\" content=\"article\" \/>\n<meta property=\"og:title\" content=\"CONJUNTO AUTOCONSTRUCTIVO, ESCALERAS, TABLONES, TACOS, TUBOS\" \/>\n<meta property=\"og:description\" content=\"Propuesta de material para trabajar en grupo y crear retos y rincones a partir de las necesidades de uno\/a mismo\/a.\" \/>\n<meta property=\"og:url\" content=\"https:\/\/milanta.net\/es\/producte\/conjunto-autoconstructivo-escaleras-tablones-tacos-tubos\/\" \/>\n<meta property=\"og:site_name\" content=\"Milanta\" \/>\n<meta property=\"article:publisher\" content=\"https:\/\/www.facebook.com\/MilantaCraft\/\" \/>\n<meta property=\"article:modified_time\" content=\"2023-12-28T10:16:54+00:00\" \/>\n<meta property=\"og:image\" content=\"https:\/\/milanta.net\/wp-content\/uploads\/2022\/10\/2266-CONJUNT-AUTOCONSTRUCTIU-ESCALES-TAULONS-TACS-TUBS-scaled.jpg\" \/>\n\t<meta property=\"og:image:width\" content=\"2560\" \/>\n\t<meta property=\"og:image:height\" content=\"1920\" \/>\n\t<meta property=\"og:image:type\" content=\"image\/jpeg\" \/>\n<meta name=\"twitter:card\" content=\"summary_large_image\" \/>\n<script type=\"application\/ld+json\" class=\"yoast-schema-graph\">{\"@context\":\"https:\\\/\\\/schema.org\",\"@graph\":[{\"@type\":\"WebPage\",\"@id\":\"https:\\\/\\\/milanta.net\\\/es\\\/producte\\\/conjunto-autoconstructivo-escaleras-tablones-tacos-tubos\\\/\",\"url\":\"https:\\\/\\\/milanta.net\\\/es\\\/producte\\\/conjunto-autoconstructivo-escaleras-tablones-tacos-tubos\\\/\",\"name\":\"CONJUNTO AUTOCONSTRUCTIVO, ESCALERAS, TABLONES, TACOS, TUBOS - Milanta\",\"isPartOf\":{\"@id\":\"https:\\\/\\\/milanta.net\\\/es\\\/#website\"},\"primaryImageOfPage\":{\"@id\":\"https:\\\/\\\/milanta.net\\\/es\\\/producte\\\/conjunto-autoconstructivo-escaleras-tablones-tacos-tubos\\\/#primaryimage\"},\"image\":{\"@id\":\"https:\\\/\\\/milanta.net\\\/es\\\/producte\\\/conjunto-autoconstructivo-escaleras-tablones-tacos-tubos\\\/#primaryimage\"},\"thumbnailUrl\":\"https:\\\/\\\/milanta.net\\\/wp-content\\\/uploads\\\/2022\\\/10\\\/2266-CONJUNT-AUTOCONSTRUCTIU-ESCALES-TAULONS-TACS-TUBS-scaled.jpg\",\"datePublished\":\"2022-10-25T04:51:54+00:00\",\"dateModified\":\"2023-12-28T10:16:54+00:00\",\"breadcrumb\":{\"@id\":\"https:\\\/\\\/milanta.net\\\/es\\\/producte\\\/conjunto-autoconstructivo-escaleras-tablones-tacos-tubos\\\/#breadcrumb\"},\"inLanguage\":\"es\",\"potentialAction\":[{\"@type\":\"ReadAction\",\"target\":[\"https:\\\/\\\/milanta.net\\\/es\\\/producte\\\/conjunto-autoconstructivo-escaleras-tablones-tacos-tubos\\\/\"]}]},{\"@type\":\"ImageObject\",\"inLanguage\":\"es\",\"@id\":\"https:\\\/\\\/milanta.net\\\/es\\\/producte\\\/conjunto-autoconstructivo-escaleras-tablones-tacos-tubos\\\/#primaryimage\",\"url\":\"https:\\\/\\\/milanta.net\\\/wp-content\\\/uploads\\\/2022\\\/10\\\/2266-CONJUNT-AUTOCONSTRUCTIU-ESCALES-TAULONS-TACS-TUBS-scaled.jpg\",\"contentUrl\":\"https:\\\/\\\/milanta.net\\\/wp-content\\\/uploads\\\/2022\\\/10\\\/2266-CONJUNT-AUTOCONSTRUCTIU-ESCALES-TAULONS-TACS-TUBS-scaled.jpg\",\"width\":2560,\"height\":1920,\"caption\":\"CONJUNTO AUTOCONSTRUCTIVO, ESCALERAS, TABLONES, TACOS, TUBOS\"},{\"@type\":\"BreadcrumbList\",\"@id\":\"https:\\\/\\\/milanta.net\\\/es\\\/producte\\\/conjunto-autoconstructivo-escaleras-tablones-tacos-tubos\\\/#breadcrumb\",\"itemListElement\":[{\"@type\":\"ListItem\",\"position\":1,\"name\":\"Portada\",\"item\":\"https:\\\/\\\/milanta.net\\\/es\\\/\"},{\"@type\":\"ListItem\",\"position\":2,\"name\":\"Cat\u00e1logo\",\"item\":\"https:\\\/\\\/milanta.net\\\/es\\\/catalogo\\\/\"},{\"@type\":\"ListItem\",\"position\":3,\"name\":\"CONJUNTO AUTOCONSTRUCTIVO, ESCALERAS, TABLONES, TACOS, TUBOS\"}]},{\"@type\":\"WebSite\",\"@id\":\"https:\\\/\\\/milanta.net\\\/es\\\/#website\",\"url\":\"https:\\\/\\\/milanta.net\\\/es\\\/\",\"name\":\"Milanta Patis Vius\",\"description\":\"ESPACIOS NATURALES Y CREATIVOS PARA LA EDUCACI\u00d3N\",\"publisher\":{\"@id\":\"https:\\\/\\\/milanta.net\\\/es\\\/#organization\"},\"alternateName\":\"Milanta - Patis Vius\",\"potentialAction\":[{\"@type\":\"SearchAction\",\"target\":{\"@type\":\"EntryPoint\",\"urlTemplate\":\"https:\\\/\\\/milanta.net\\\/es\\\/?s={search_term_string}\"},\"query-input\":{\"@type\":\"PropertyValueSpecification\",\"valueRequired\":true,\"valueName\":\"search_term_string\"}}],\"inLanguage\":\"es\"},{\"@type\":\"Organization\",\"@id\":\"https:\\\/\\\/milanta.net\\\/es\\\/#organization\",\"name\":\"Milanta\",\"url\":\"https:\\\/\\\/milanta.net\\\/es\\\/\",\"logo\":{\"@type\":\"ImageObject\",\"inLanguage\":\"es\",\"@id\":\"https:\\\/\\\/milanta.net\\\/es\\\/#\\\/schema\\\/logo\\\/image\\\/\",\"url\":\"https:\\\/\\\/milanta.net\\\/wp-content\\\/uploads\\\/2023\\\/04\\\/Logo-Milanta-color.svg\",\"contentUrl\":\"https:\\\/\\\/milanta.net\\\/wp-content\\\/uploads\\\/2023\\\/04\\\/Logo-Milanta-color.svg\",\"width\":786,\"height\":486,\"caption\":\"Milanta\"},\"image\":{\"@id\":\"https:\\\/\\\/milanta.net\\\/es\\\/#\\\/schema\\\/logo\\\/image\\\/\"},\"sameAs\":[\"https:\\\/\\\/www.facebook.com\\\/MilantaCraft\\\/\",\"https:\\\/\\\/www.instagram.com\\\/milanta_patis\\\/\"]}]}<\/script>\n<!-- \/ Yoast SEO Premium plugin. -->","yoast_head_json":{"title":"CONJUNTO AUTOCONSTRUCTIVO, ESCALERAS, TABLONES, TACOS, TUBOS - Milanta","robots":{"index":"index","follow":"follow","max-snippet":"max-snippet:-1","max-image-preview":"max-image-preview:large","max-video-preview":"max-video-preview:-1"},"canonical":"https:\/\/milanta.net\/es\/producte\/conjunto-autoconstructivo-escaleras-tablones-tacos-tubos\/","og_locale":"es_ES","og_type":"article","og_title":"CONJUNTO AUTOCONSTRUCTIVO, ESCALERAS, TABLONES, TACOS, TUBOS","og_description":"Propuesta de material para trabajar en grupo y crear retos y rincones a partir de las necesidades de uno\/a mismo\/a.","og_url":"https:\/\/milanta.net\/es\/producte\/conjunto-autoconstructivo-escaleras-tablones-tacos-tubos\/","og_site_name":"Milanta","article_publisher":"https:\/\/www.facebook.com\/MilantaCraft\/","article_modified_time":"2023-12-28T10:16:54+00:00","og_image":[{"width":2560,"height":1920,"url":"https:\/\/milanta.net\/wp-content\/uploads\/2022\/10\/2266-CONJUNT-AUTOCONSTRUCTIU-ESCALES-TAULONS-TACS-TUBS-scaled.jpg","type":"image\/jpeg"}],"twitter_card":"summary_large_image","schema":{"@context":"https:\/\/schema.org","@graph":[{"@type":"WebPage","@id":"https:\/\/milanta.net\/es\/producte\/conjunto-autoconstructivo-escaleras-tablones-tacos-tubos\/","url":"https:\/\/milanta.net\/es\/producte\/conjunto-autoconstructivo-escaleras-tablones-tacos-tubos\/","name":"CONJUNTO AUTOCONSTRUCTIVO, ESCALERAS, TABLONES, TACOS, TUBOS - Milanta","isPartOf":{"@id":"https:\/\/milanta.net\/es\/#website"},"primaryImageOfPage":{"@id":"https:\/\/milanta.net\/es\/producte\/conjunto-autoconstructivo-escaleras-tablones-tacos-tubos\/#primaryimage"},"image":{"@id":"https:\/\/milanta.net\/es\/producte\/conjunto-autoconstructivo-escaleras-tablones-tacos-tubos\/#primaryimage"},"thumbnailUrl":"https:\/\/milanta.net\/wp-content\/uploads\/2022\/10\/2266-CONJUNT-AUTOCONSTRUCTIU-ESCALES-TAULONS-TACS-TUBS-scaled.jpg","datePublished":"2022-10-25T04:51:54+00:00","dateModified":"2023-12-28T10:16:54+00:00","breadcrumb":{"@id":"https:\/\/milanta.net\/es\/producte\/conjunto-autoconstructivo-escaleras-tablones-tacos-tubos\/#breadcrumb"},"inLanguage":"es","potentialAction":[{"@type":"ReadAction","target":["https:\/\/milanta.net\/es\/producte\/conjunto-autoconstructivo-escaleras-tablones-tacos-tubos\/"]}]},{"@type":"ImageObject","inLanguage":"es","@id":"https:\/\/milanta.net\/es\/producte\/conjunto-autoconstructivo-escaleras-tablones-tacos-tubos\/#primaryimage","url":"https:\/\/milanta.net\/wp-content\/uploads\/2022\/10\/2266-CONJUNT-AUTOCONSTRUCTIU-ESCALES-TAULONS-TACS-TUBS-scaled.jpg","contentUrl":"https:\/\/milanta.net\/wp-content\/uploads\/2022\/10\/2266-CONJUNT-AUTOCONSTRUCTIU-ESCALES-TAULONS-TACS-TUBS-scaled.jpg","width":2560,"height":1920,"caption":"CONJUNTO AUTOCONSTRUCTIVO, ESCALERAS, TABLONES, TACOS, TUBOS"},{"@type":"BreadcrumbList","@id":"https:\/\/milanta.net\/es\/producte\/conjunto-autoconstructivo-escaleras-tablones-tacos-tubos\/#breadcrumb","itemListElement":[{"@type":"ListItem","position":1,"name":"Portada","item":"https:\/\/milanta.net\/es\/"},{"@type":"ListItem","position":2,"name":"Cat\u00e1logo","item":"https:\/\/milanta.net\/es\/catalogo\/"},{"@type":"ListItem","position":3,"name":"CONJUNTO AUTOCONSTRUCTIVO, ESCALERAS, TABLONES, TACOS, TUBOS"}]},{"@type":"WebSite","@id":"https:\/\/milanta.net\/es\/#website","url":"https:\/\/milanta.net\/es\/","name":"Milanta Patis Vius","description":"ESPACIOS NATURALES Y CREATIVOS PARA LA EDUCACI\u00d3N","publisher":{"@id":"https:\/\/milanta.net\/es\/#organization"},"alternateName":"Milanta - Patis Vius","potentialAction":[{"@type":"SearchAction","target":{"@type":"EntryPoint","urlTemplate":"https:\/\/milanta.net\/es\/?s={search_term_string}"},"query-input":{"@type":"PropertyValueSpecification","valueRequired":true,"valueName":"search_term_string"}}],"inLanguage":"es"},{"@type":"Organization","@id":"https:\/\/milanta.net\/es\/#organization","name":"Milanta","url":"https:\/\/milanta.net\/es\/","logo":{"@type":"ImageObject","inLanguage":"es","@id":"https:\/\/milanta.net\/es\/#\/schema\/logo\/image\/","url":"https:\/\/milanta.net\/wp-content\/uploads\/2023\/04\/Logo-Milanta-color.svg","contentUrl":"https:\/\/milanta.net\/wp-content\/uploads\/2023\/04\/Logo-Milanta-color.svg","width":786,"height":486,"caption":"Milanta"},"image":{"@id":"https:\/\/milanta.net\/es\/#\/schema\/logo\/image\/"},"sameAs":["https:\/\/www.facebook.com\/MilantaCraft\/","https:\/\/www.instagram.com\/milanta_patis\/"]}]}},"_links":{"self":[{"href":"https:\/\/milanta.net\/es\/wp-json\/wp\/v2\/product\/7889","targetHints":{"allow":["GET"]}}],"collection":[{"href":"https:\/\/milanta.net\/es\/wp-json\/wp\/v2\/product"}],"about":[{"href":"https:\/\/milanta.net\/es\/wp-json\/wp\/v2\/types\/product"}],"version-history":[{"count":0,"href":"https:\/\/milanta.net\/es\/wp-json\/wp\/v2\/product\/7889\/revisions"}],"wp:featuredmedia":[{"embeddable":true,"href":"https:\/\/milanta.net\/es\/wp-json\/wp\/v2\/media\/5845"}],"wp:attachment":[{"href":"https:\/\/milanta.net\/es\/wp-json\/wp\/v2\/media?parent=7889"}],"wp:term":[{"taxonomy":"product_brand","embeddable":true,"href":"https:\/\/milanta.net\/es\/wp-json\/wp\/v2\/product_brand?post=7889"},{"taxonomy":"product_cat","embeddable":true,"href":"https:\/\/milanta.net\/es\/wp-json\/wp\/v2\/product_cat?post=7889"},{"taxonomy":"product_tag","embeddable":true,"href":"https:\/\/milanta.net\/es\/wp-json\/wp\/v2\/product_tag?post=7889"},{"taxonomy":"ubicacion-del-mobiliario","embeddable":true,"href":"https:\/\/milanta.net\/es\/wp-json\/wp\/v2\/ubicacion-del-mobiliario?post=7889"}],"curies":[{"name":"wp","href":"https:\/\/api.w.org\/{rel}","templated":true}]}}