{"id":8964,"date":"2023-12-21T10:39:29","date_gmt":"2023-12-21T10:39:29","guid":{"rendered":"https:\/\/milanta.net\/?post_type=product&#038;p=8964"},"modified":"2025-04-23T13:33:30","modified_gmt":"2025-04-23T11:33:30","slug":"estructura-9-graons","status":"publish","type":"product","link":"https:\/\/milanta.net\/es\/producte\/estructura-9-graons\/","title":{"rendered":"Estructura de fusta amb reptes motrius &#8211; 9 graons"},"content":{"rendered":"<p>Una estructura de joc de fusta en un pati viu \u00e9s molt m\u00e9s que un espai per jugar: \u00e9s una oportunitat per cr\u00e9ixer i transformar l\u2019experi\u00e8ncia educativa.<\/p>\n<p><strong>Aquesta estructura est\u00e0 formada per una \u00e0mplia plataforma elevada amb baranes que fa de connector a diversos reptes motrius: Un circuit de troncs amb xarxa de corda trenada, una rampa d&#8217;acc\u00e9s i un tobogan de baixa al\u00e7ada. Al ser una estructura elevada, tamb\u00e9 proporciona espai de joc i amagatall a la part inferior.<\/strong><\/p>\n<p>\u00c9s un element de joc fant\u00e0stic que obre la porta a m\u00faltiples maneres de jugar, moure\u2019s i relacionar-se i convida els infants a explorar el moviment des del joc actiu, despertant la seva curiositat i imaginaci\u00f3.<\/p>\n<p>La fusta emprada est\u00e0 tractada i polida per garantir resist\u00e8ncia i durabilitat a l\u2019exterior, sense perdre la seva textura c\u00e0lida i natural. \u00c9s un material viu que connecta els infants amb la natura i afavoreix un ambient ser\u00e8 i inspirador.<\/p>\n<p>Aquest tipus d\u2019estructures s\u00f3n peces clau en la transformaci\u00f3 dels patis escolars: deixen enrere els espais r\u00edgids i homogenis per donar lloc a entorns vius, diversos i flexibles, que posen l\u2019infant al centre. Fomenten l\u2019autonomia, l\u2019equilibri, la creativitat i el joc simb\u00f2lic i motor, essencials per al desenvolupament global dels nens i nenes.<\/p>\n<p>A Milanta, dissenyem escenaris oberts d\u2019aprenentatge i creixement, on cada infant pot viure el pati com un lloc propi, ple d\u2019aventures a mida.<\/p>\n<p>&#8212;&#8211;<br \/>\nEstructura polivalent amb varis elements per posar a prova l&#8217;equilibri.<\/p>\n<p>Els troncs van pelats i polits amb tractament d&#8217;oli.<\/p>\n<p>Indicat per a espais infantils i patis de prim\u00e0ria amb s\u00f2l de terra o saul\u00f3.<\/p>\n<p>Podem fer a MIDA.<\/p>\n","protected":false},"excerpt":{"rendered":"<p>Una estructura de joc fant\u00e0stica amb reptes motrius per patis d&#8217;infantil i prim\u00e0ria<\/p>\n","protected":false},"featured_media":8965,"template":"","meta":[],"product_brand":[],"product_cat":[740],"product_tag":[798],"ubicacion-del-mobiliario":[],"class_list":{"0":"post-8964","1":"product","2":"type-product","3":"status-publish","4":"has-post-thumbnail","6":"product_cat-estructures-de-fusta-pel-pati","7":"product_tag-tobogan","9":"first","10":"instock","11":"taxable","12":"shipping-taxable","13":"purchasable","14":"product-type-simple"},"yoast_head":"<!-- This site is optimized with the Yoast SEO Premium plugin v21.6 (Yoast SEO v27.3) - https:\/\/yoast.com\/product\/yoast-seo-premium-wordpress\/ -->\n<title>Estructura de fusta amb reptes motrius - 9 graons - Milanta<\/title>\n<meta name=\"description\" content=\"Plataforma elevada amb baranes que fa de connector a diversos reptes motrius: Circuit de troncs amb xarxa de corda, rampa d&#039;acc\u00e9s i tobogan de baixa al\u00e7ada.\" \/>\n<meta name=\"robots\" content=\"index, follow, max-snippet:-1, max-image-preview:large, max-video-preview:-1\" \/>\n<link rel=\"canonical\" href=\"https:\/\/milanta.net\/es\/producte\/estructura-9-graons\/\" \/>\n<meta property=\"og:locale\" content=\"es_ES\" \/>\n<meta property=\"og:type\" content=\"article\" \/>\n<meta property=\"og:title\" content=\"Estructura de fusta amb reptes motrius - 9 graons\" \/>\n<meta property=\"og:description\" content=\"Plataforma elevada amb baranes que fa de connector a diversos reptes motrius: Circuit de troncs amb xarxa de corda, rampa d&#039;acc\u00e9s i tobogan de baixa al\u00e7ada.\" \/>\n<meta property=\"og:url\" content=\"https:\/\/milanta.net\/es\/producte\/estructura-9-graons\/\" \/>\n<meta property=\"og:site_name\" content=\"Milanta\" \/>\n<meta property=\"article:publisher\" content=\"https:\/\/www.facebook.com\/MilantaCraft\/\" \/>\n<meta property=\"article:modified_time\" content=\"2025-04-23T11:33:30+00:00\" \/>\n<meta property=\"og:image\" content=\"https:\/\/milanta.net\/wp-content\/uploads\/2023\/12\/IMG-20231214-WA0008.jpg\" \/>\n\t<meta property=\"og:image:width\" content=\"2000\" \/>\n\t<meta property=\"og:image:height\" content=\"1500\" \/>\n\t<meta property=\"og:image:type\" content=\"image\/jpeg\" \/>\n<meta name=\"twitter:card\" content=\"summary_large_image\" \/>\n<meta name=\"twitter:label1\" content=\"Tiempo de lectura\" \/>\n\t<meta name=\"twitter:data1\" content=\"2 minutos\" \/>\n<script type=\"application\/ld+json\" class=\"yoast-schema-graph\">{\"@context\":\"https:\\\/\\\/schema.org\",\"@graph\":[{\"@type\":\"WebPage\",\"@id\":\"https:\\\/\\\/milanta.net\\\/es\\\/producte\\\/estructura-9-graons\\\/\",\"url\":\"https:\\\/\\\/milanta.net\\\/es\\\/producte\\\/estructura-9-graons\\\/\",\"name\":\"Estructura de fusta amb reptes motrius - 9 graons - Milanta\",\"isPartOf\":{\"@id\":\"https:\\\/\\\/milanta.net\\\/es\\\/#website\"},\"primaryImageOfPage\":{\"@id\":\"https:\\\/\\\/milanta.net\\\/es\\\/producte\\\/estructura-9-graons\\\/#primaryimage\"},\"image\":{\"@id\":\"https:\\\/\\\/milanta.net\\\/es\\\/producte\\\/estructura-9-graons\\\/#primaryimage\"},\"thumbnailUrl\":\"https:\\\/\\\/milanta.net\\\/wp-content\\\/uploads\\\/2023\\\/12\\\/IMG-20231214-WA0008.jpg\",\"datePublished\":\"2023-12-21T10:39:29+00:00\",\"dateModified\":\"2025-04-23T11:33:30+00:00\",\"description\":\"Plataforma elevada amb baranes que fa de connector a diversos reptes motrius: Circuit de troncs amb xarxa de corda, rampa d'acc\u00e9s i tobogan de baixa al\u00e7ada.\",\"breadcrumb\":{\"@id\":\"https:\\\/\\\/milanta.net\\\/es\\\/producte\\\/estructura-9-graons\\\/#breadcrumb\"},\"inLanguage\":\"es\",\"potentialAction\":[{\"@type\":\"ReadAction\",\"target\":[\"https:\\\/\\\/milanta.net\\\/es\\\/producte\\\/estructura-9-graons\\\/\"]}]},{\"@type\":\"ImageObject\",\"inLanguage\":\"es\",\"@id\":\"https:\\\/\\\/milanta.net\\\/es\\\/producte\\\/estructura-9-graons\\\/#primaryimage\",\"url\":\"https:\\\/\\\/milanta.net\\\/wp-content\\\/uploads\\\/2023\\\/12\\\/IMG-20231214-WA0008.jpg\",\"contentUrl\":\"https:\\\/\\\/milanta.net\\\/wp-content\\\/uploads\\\/2023\\\/12\\\/IMG-20231214-WA0008.jpg\",\"width\":2000,\"height\":1500},{\"@type\":\"BreadcrumbList\",\"@id\":\"https:\\\/\\\/milanta.net\\\/es\\\/producte\\\/estructura-9-graons\\\/#breadcrumb\",\"itemListElement\":[{\"@type\":\"ListItem\",\"position\":1,\"name\":\"Portada\",\"item\":\"https:\\\/\\\/milanta.net\\\/es\\\/\"},{\"@type\":\"ListItem\",\"position\":2,\"name\":\"Cat\u00e1logo\",\"item\":\"https:\\\/\\\/milanta.net\\\/es\\\/catalogo\\\/\"},{\"@type\":\"ListItem\",\"position\":3,\"name\":\"Estructura de fusta amb reptes motrius &#8211; 9 graons\"}]},{\"@type\":\"WebSite\",\"@id\":\"https:\\\/\\\/milanta.net\\\/es\\\/#website\",\"url\":\"https:\\\/\\\/milanta.net\\\/es\\\/\",\"name\":\"Milanta Patis Vius\",\"description\":\"ESPACIOS NATURALES Y CREATIVOS PARA LA EDUCACI\u00d3N\",\"publisher\":{\"@id\":\"https:\\\/\\\/milanta.net\\\/es\\\/#organization\"},\"alternateName\":\"Milanta - Patis Vius\",\"potentialAction\":[{\"@type\":\"SearchAction\",\"target\":{\"@type\":\"EntryPoint\",\"urlTemplate\":\"https:\\\/\\\/milanta.net\\\/es\\\/?s={search_term_string}\"},\"query-input\":{\"@type\":\"PropertyValueSpecification\",\"valueRequired\":true,\"valueName\":\"search_term_string\"}}],\"inLanguage\":\"es\"},{\"@type\":\"Organization\",\"@id\":\"https:\\\/\\\/milanta.net\\\/es\\\/#organization\",\"name\":\"Milanta\",\"url\":\"https:\\\/\\\/milanta.net\\\/es\\\/\",\"logo\":{\"@type\":\"ImageObject\",\"inLanguage\":\"es\",\"@id\":\"https:\\\/\\\/milanta.net\\\/es\\\/#\\\/schema\\\/logo\\\/image\\\/\",\"url\":\"https:\\\/\\\/milanta.net\\\/wp-content\\\/uploads\\\/2023\\\/04\\\/Logo-Milanta-color.svg\",\"contentUrl\":\"https:\\\/\\\/milanta.net\\\/wp-content\\\/uploads\\\/2023\\\/04\\\/Logo-Milanta-color.svg\",\"width\":786,\"height\":486,\"caption\":\"Milanta\"},\"image\":{\"@id\":\"https:\\\/\\\/milanta.net\\\/es\\\/#\\\/schema\\\/logo\\\/image\\\/\"},\"sameAs\":[\"https:\\\/\\\/www.facebook.com\\\/MilantaCraft\\\/\",\"https:\\\/\\\/www.instagram.com\\\/milanta_patis\\\/\"]}]}<\/script>\n<!-- \/ Yoast SEO Premium plugin. -->","yoast_head_json":{"title":"Estructura de fusta amb reptes motrius - 9 graons - Milanta","description":"Plataforma elevada amb baranes que fa de connector a diversos reptes motrius: Circuit de troncs amb xarxa de corda, rampa d'acc\u00e9s i tobogan de baixa al\u00e7ada.","robots":{"index":"index","follow":"follow","max-snippet":"max-snippet:-1","max-image-preview":"max-image-preview:large","max-video-preview":"max-video-preview:-1"},"canonical":"https:\/\/milanta.net\/es\/producte\/estructura-9-graons\/","og_locale":"es_ES","og_type":"article","og_title":"Estructura de fusta amb reptes motrius - 9 graons","og_description":"Plataforma elevada amb baranes que fa de connector a diversos reptes motrius: Circuit de troncs amb xarxa de corda, rampa d'acc\u00e9s i tobogan de baixa al\u00e7ada.","og_url":"https:\/\/milanta.net\/es\/producte\/estructura-9-graons\/","og_site_name":"Milanta","article_publisher":"https:\/\/www.facebook.com\/MilantaCraft\/","article_modified_time":"2025-04-23T11:33:30+00:00","og_image":[{"width":2000,"height":1500,"url":"https:\/\/milanta.net\/wp-content\/uploads\/2023\/12\/IMG-20231214-WA0008.jpg","type":"image\/jpeg"}],"twitter_card":"summary_large_image","twitter_misc":{"Tiempo de lectura":"2 minutos"},"schema":{"@context":"https:\/\/schema.org","@graph":[{"@type":"WebPage","@id":"https:\/\/milanta.net\/es\/producte\/estructura-9-graons\/","url":"https:\/\/milanta.net\/es\/producte\/estructura-9-graons\/","name":"Estructura de fusta amb reptes motrius - 9 graons - Milanta","isPartOf":{"@id":"https:\/\/milanta.net\/es\/#website"},"primaryImageOfPage":{"@id":"https:\/\/milanta.net\/es\/producte\/estructura-9-graons\/#primaryimage"},"image":{"@id":"https:\/\/milanta.net\/es\/producte\/estructura-9-graons\/#primaryimage"},"thumbnailUrl":"https:\/\/milanta.net\/wp-content\/uploads\/2023\/12\/IMG-20231214-WA0008.jpg","datePublished":"2023-12-21T10:39:29+00:00","dateModified":"2025-04-23T11:33:30+00:00","description":"Plataforma elevada amb baranes que fa de connector a diversos reptes motrius: Circuit de troncs amb xarxa de corda, rampa d'acc\u00e9s i tobogan de baixa al\u00e7ada.","breadcrumb":{"@id":"https:\/\/milanta.net\/es\/producte\/estructura-9-graons\/#breadcrumb"},"inLanguage":"es","potentialAction":[{"@type":"ReadAction","target":["https:\/\/milanta.net\/es\/producte\/estructura-9-graons\/"]}]},{"@type":"ImageObject","inLanguage":"es","@id":"https:\/\/milanta.net\/es\/producte\/estructura-9-graons\/#primaryimage","url":"https:\/\/milanta.net\/wp-content\/uploads\/2023\/12\/IMG-20231214-WA0008.jpg","contentUrl":"https:\/\/milanta.net\/wp-content\/uploads\/2023\/12\/IMG-20231214-WA0008.jpg","width":2000,"height":1500},{"@type":"BreadcrumbList","@id":"https:\/\/milanta.net\/es\/producte\/estructura-9-graons\/#breadcrumb","itemListElement":[{"@type":"ListItem","position":1,"name":"Portada","item":"https:\/\/milanta.net\/es\/"},{"@type":"ListItem","position":2,"name":"Cat\u00e1logo","item":"https:\/\/milanta.net\/es\/catalogo\/"},{"@type":"ListItem","position":3,"name":"Estructura de fusta amb reptes motrius &#8211; 9 graons"}]},{"@type":"WebSite","@id":"https:\/\/milanta.net\/es\/#website","url":"https:\/\/milanta.net\/es\/","name":"Milanta Patis Vius","description":"ESPACIOS NATURALES Y CREATIVOS PARA LA EDUCACI\u00d3N","publisher":{"@id":"https:\/\/milanta.net\/es\/#organization"},"alternateName":"Milanta - Patis Vius","potentialAction":[{"@type":"SearchAction","target":{"@type":"EntryPoint","urlTemplate":"https:\/\/milanta.net\/es\/?s={search_term_string}"},"query-input":{"@type":"PropertyValueSpecification","valueRequired":true,"valueName":"search_term_string"}}],"inLanguage":"es"},{"@type":"Organization","@id":"https:\/\/milanta.net\/es\/#organization","name":"Milanta","url":"https:\/\/milanta.net\/es\/","logo":{"@type":"ImageObject","inLanguage":"es","@id":"https:\/\/milanta.net\/es\/#\/schema\/logo\/image\/","url":"https:\/\/milanta.net\/wp-content\/uploads\/2023\/04\/Logo-Milanta-color.svg","contentUrl":"https:\/\/milanta.net\/wp-content\/uploads\/2023\/04\/Logo-Milanta-color.svg","width":786,"height":486,"caption":"Milanta"},"image":{"@id":"https:\/\/milanta.net\/es\/#\/schema\/logo\/image\/"},"sameAs":["https:\/\/www.facebook.com\/MilantaCraft\/","https:\/\/www.instagram.com\/milanta_patis\/"]}]}},"_links":{"self":[{"href":"https:\/\/milanta.net\/es\/wp-json\/wp\/v2\/product\/8964","targetHints":{"allow":["GET"]}}],"collection":[{"href":"https:\/\/milanta.net\/es\/wp-json\/wp\/v2\/product"}],"about":[{"href":"https:\/\/milanta.net\/es\/wp-json\/wp\/v2\/types\/product"}],"version-history":[{"count":0,"href":"https:\/\/milanta.net\/es\/wp-json\/wp\/v2\/product\/8964\/revisions"}],"wp:featuredmedia":[{"embeddable":true,"href":"https:\/\/milanta.net\/es\/wp-json\/wp\/v2\/media\/8965"}],"wp:attachment":[{"href":"https:\/\/milanta.net\/es\/wp-json\/wp\/v2\/media?parent=8964"}],"wp:term":[{"taxonomy":"product_brand","embeddable":true,"href":"https:\/\/milanta.net\/es\/wp-json\/wp\/v2\/product_brand?post=8964"},{"taxonomy":"product_cat","embeddable":true,"href":"https:\/\/milanta.net\/es\/wp-json\/wp\/v2\/product_cat?post=8964"},{"taxonomy":"product_tag","embeddable":true,"href":"https:\/\/milanta.net\/es\/wp-json\/wp\/v2\/product_tag?post=8964"},{"taxonomy":"ubicacion-del-mobiliario","embeddable":true,"href":"https:\/\/milanta.net\/es\/wp-json\/wp\/v2\/ubicacion-del-mobiliario?post=8964"}],"curies":[{"name":"wp","href":"https:\/\/api.w.org\/{rel}","templated":true}]}}